{"id":53,"date":"2016-09-29T10:38:27","date_gmt":"2016-09-29T10:38:27","guid":{"rendered":"http:\/\/www.einsel.de\/?page_id=53"},"modified":"2016-09-30T10:58:44","modified_gmt":"2016-09-30T10:58:44","slug":"martin-einsel","status":"publish","type":"page","link":"https:\/\/www.bspatent.de\/en\/martin-einsel\/","title":{"rendered":"Martin Einsel"},"content":{"rendered":"<p><\/p>\n<div id=\"col1\">\n<div id=\"col1_content\" class=\"clearfix\">\n<div class=\"important\">\n<h1 style=\"padding-left: 30px;\">Dipl.-Phys. Martin Einsel<\/h1>\n<h1 style=\"padding-left: 30px;\"><img loading=\"lazy\" decoding=\"async\" class=\"size-full wp-image-54 alignnone\" src=\"https:\/\/www.bspatent.de\/wp-content\/uploads\/2016\/09\/1.jpg\" alt=\"1\" width=\"360\" height=\"240\" srcset=\"https:\/\/www.bspatent.de\/wp-content\/uploads\/2016\/09\/1.jpg 360w, https:\/\/www.bspatent.de\/wp-content\/uploads\/2016\/09\/1-300x200.jpg 300w\" sizes=\"auto, (max-width: 360px) 100vw, 360px\" \/><\/h1>\n<ul style=\"list-style-type: square;\">\n<li style=\"padding-left: 30px;\">Patentlawyer<\/li>\n<li style=\"padding-left: 30px;\">European Patent Attorney<\/li>\n<li style=\"padding-left: 30px;\">European Trademark and Design Attorney<\/li>\n<\/ul>\n<\/div>\n<\/div>\n<\/div>\n<div id=\"col1\"><\/div>\n<div id=\"col3\" style=\"padding-left: 30px;\">\n<div id=\"col3_content\" class=\"clearfix\" style=\"padding-left: 30px;\">\n<div class=\"subcolumns\" style=\"padding-left: 30px;\">\n<div class=\"c66l\">\n<div class=\"textblock\">\n<div class=\"textblock2\">\n<h3>Technical emphases<\/h3>\n<hr \/>\n<p>Physics<\/p>\n<p>Electro-technology, Electronics<\/p>\n<p>Software<\/p>\n<p>Mechanics<\/p>\n<\/div>\n<div class=\"textblock2\">\n<h3>Languages<\/h3>\n<hr \/>\n<p>German<\/p>\n<p>English<\/p>\n<\/div>\n<div class=\"textblock2\">\n<h3><strong>Vocational adjucation<\/strong><\/h3>\n<hr \/>\n<p>1987 Patentassessor in Tokyo\/Japan<\/p>\n<p>1988 to 1993 Patent Lawyers D\u00f6ring pp., Brunswick<\/p>\n<p>Since 1994 senior partner of the office and renaming into patent lawyers Einsel &amp; Kollegen<\/p>\n<\/div>\n<div class=\"textblock2\">\n<h3>Training<\/h3>\n<hr \/>\n<p>1974 to 1982 study of physics at the University of Hanover<\/p>\n<p>1983 to 1986 training as the patent lawyer in Bremen and Munich<\/p>\n<p>since 1988 European Patent Attorney<\/p>\n<\/div>\n<div class=\"textblock2\">\n<h3>Memberships<\/h3>\n<hr \/>\n<p>Patent bar association<\/p>\n<p>epi &#8211; Institute with the European Patent Office Certified Representative<\/p>\n<p>Federal Association of German Patent Lawyers Registered Association<\/p>\n<p>Patent Lawyer Association Lower Saxony &#8211; Bremen<\/p>\n<p>GRUR &#8211; German Combination for Commercial Legal Protection and Copyright Registered Association<\/p>\n<p>F\u00e9d\u00e9ration Internationale des Conseillers en Propri\u00e9t\u00e9 Industrielle &#8211; FICPI<\/p>\n<p>Association Internationale pour la Protection de la Propri\u00e9t\u00e9 Intellectuelle \u2013 AIPPI, German regional committee federation<\/p>\n<\/div>\n<div class=\"textblock2\">\n<h3>Activity<\/h3>\n<hr \/>\n<p>Delegate of the Federal Association of German Patent Lawyers Registered Association for Northern Germany<\/p>\n<\/div>\n<\/div>\n<\/div>\n<\/div>\n<\/div>\n<\/div>\n<p><\/p>","protected":false},"excerpt":{"rendered":"<p>Dipl.-Phys. Martin Einsel Patentlawyer European Patent Attorney European Trademark and Design Attorney Technical emphases Physics Electro-technology, Electronics Software Mechanics Languages German English Vocational adjucation 1987 [&hellip;]<\/p>\n","protected":false},"author":1,"featured_media":0,"parent":0,"menu_order":0,"comment_status":"closed","ping_status":"closed","template":"","meta":{"footnotes":""},"class_list":["post-53","page","type-page","status-publish","hentry"],"_links":{"self":[{"href":"https:\/\/www.bspatent.de\/en\/wp-json\/wp\/v2\/pages\/53","targetHints":{"allow":["GET"]}}],"collection":[{"href":"https:\/\/www.bspatent.de\/en\/wp-json\/wp\/v2\/pages"}],"about":[{"href":"https:\/\/www.bspatent.de\/en\/wp-json\/wp\/v2\/types\/page"}],"author":[{"embeddable":true,"href":"https:\/\/www.bspatent.de\/en\/wp-json\/wp\/v2\/users\/1"}],"replies":[{"embeddable":true,"href":"https:\/\/www.bspatent.de\/en\/wp-json\/wp\/v2\/comments?post=53"}],"version-history":[{"count":1,"href":"https:\/\/www.bspatent.de\/en\/wp-json\/wp\/v2\/pages\/53\/revisions"}],"predecessor-version":[{"id":179,"href":"https:\/\/www.bspatent.de\/en\/wp-json\/wp\/v2\/pages\/53\/revisions\/179"}],"wp:attachment":[{"href":"https:\/\/www.bspatent.de\/en\/wp-json\/wp\/v2\/media?parent=53"}],"curies":[{"name":"wp","href":"https:\/\/api.w.org\/{rel}","templated":true}]}}